{"id":352,"date":"2020-10-20T14:39:52","date_gmt":"2020-10-20T14:39:52","guid":{"rendered":"https:\/\/www.businessfleetsolutions.ca\/?page_id=352"},"modified":"2023-11-13T11:40:36","modified_gmt":"2023-11-13T16:40:36","slug":"faq","status":"publish","type":"page","link":"https:\/\/www.businessfleetsolutions.ca\/fr\/faqs\/","title":{"rendered":"FAQ"},"content":{"rendered":"","protected":false},"excerpt":{"rendered":"","protected":false},"author":3,"featured_media":0,"parent":0,"menu_order":0,"comment_status":"closed","ping_status":"closed","template":"","meta":{"_acf_changed":false,"footnotes":""},"class_list":["post-352","page","type-page","status-publish","hentry"],"acf":[],"yoast_head":"<!-- This site is optimized with the Yoast SEO plugin v26.8 - https:\/\/yoast.com\/product\/yoast-seo-wordpress\/ -->\n<title>FAQs | Shell Fleet Solutions<\/title>\n<meta name=\"description\" content=\"Have more questions about Shell Fleet Solutions cards? We\u2019ve got answers. Here are some frequently asked questions.\" \/>\n<meta name=\"robots\" content=\"index, follow, max-snippet:-1, max-image-preview:large, max-video-preview:-1\" \/>\n<link rel=\"canonical\" href=\"https:\/\/www.businessfleetsolutions.ca\/fr\/faq\/\" \/>\n<meta property=\"og:locale\" content=\"fr_CA\" \/>\n<meta property=\"og:type\" content=\"article\" \/>\n<meta property=\"og:title\" content=\"FAQs | Shell Fleet Solutions\" \/>\n<meta property=\"og:description\" content=\"Have more questions about Shell Fleet Solutions cards? We\u2019ve got answers. Here are some frequently asked questions.\" \/>\n<meta property=\"og:url\" content=\"https:\/\/www.businessfleetsolutions.ca\/fr\/faq\/\" \/>\n<meta property=\"og:site_name\" content=\"Shell CA\" \/>\n<meta property=\"article:modified_time\" content=\"2023-11-13T16:40:36+00:00\" \/>\n<meta property=\"og:image\" content=\"https:\/\/www.businessfleetsolutions.ca\/wp-content\/uploads\/2024\/10\/Canada-FP-and-Nav_angled2.png\" \/>\n\t<meta property=\"og:image:width\" content=\"1045\" \/>\n\t<meta property=\"og:image:height\" content=\"655\" \/>\n\t<meta property=\"og:image:type\" content=\"image\/png\" \/>\n<meta name=\"twitter:card\" content=\"summary_large_image\" \/>\n<script type=\"application\/ld+json\" class=\"yoast-schema-graph\">{\"@context\":\"https:\/\/schema.org\",\"@graph\":[{\"@type\":\"WebPage\",\"@id\":\"https:\/\/www.businessfleetsolutions.ca\/faqs\/\",\"url\":\"https:\/\/www.businessfleetsolutions.ca\/faqs\/\",\"name\":\"FAQs | Shell Fleet Solutions\",\"isPartOf\":{\"@id\":\"https:\/\/www.businessfleetsolutions.ca\/#website\"},\"datePublished\":\"2020-10-20T14:39:52+00:00\",\"dateModified\":\"2023-11-13T16:40:36+00:00\",\"description\":\"Have more questions about Shell Fleet Solutions cards? We\u2019ve got answers. Here are some frequently asked questions.\",\"breadcrumb\":{\"@id\":\"https:\/\/www.businessfleetsolutions.ca\/faqs\/#breadcrumb\"},\"inLanguage\":\"fr-CA\",\"potentialAction\":[{\"@type\":\"ReadAction\",\"target\":[\"https:\/\/www.businessfleetsolutions.ca\/faqs\/\"]}]},{\"@type\":\"BreadcrumbList\",\"@id\":\"https:\/\/www.businessfleetsolutions.ca\/faqs\/#breadcrumb\",\"itemListElement\":[{\"@type\":\"ListItem\",\"position\":1,\"name\":\"Home\",\"item\":\"https:\/\/www.businessfleetsolutions.ca\/\"},{\"@type\":\"ListItem\",\"position\":2,\"name\":\"FAQs\"}]},{\"@type\":\"WebSite\",\"@id\":\"https:\/\/www.businessfleetsolutions.ca\/#website\",\"url\":\"https:\/\/www.businessfleetsolutions.ca\/\",\"name\":\"Shell CA\",\"description\":\"\",\"publisher\":{\"@id\":\"https:\/\/www.businessfleetsolutions.ca\/#organization\"},\"potentialAction\":[{\"@type\":\"SearchAction\",\"target\":{\"@type\":\"EntryPoint\",\"urlTemplate\":\"https:\/\/www.businessfleetsolutions.ca\/?s={search_term_string}\"},\"query-input\":{\"@type\":\"PropertyValueSpecification\",\"valueRequired\":true,\"valueName\":\"search_term_string\"}}],\"inLanguage\":\"fr-CA\"},{\"@type\":\"Organization\",\"@id\":\"https:\/\/www.businessfleetsolutions.ca\/#organization\",\"name\":\"Shell CA\",\"url\":\"https:\/\/www.businessfleetsolutions.ca\/\",\"logo\":{\"@type\":\"ImageObject\",\"inLanguage\":\"fr-CA\",\"@id\":\"https:\/\/www.businessfleetsolutions.ca\/#\/schema\/logo\/image\/\",\"url\":\"https:\/\/www.businessfleetsolutions.ca\/wp-content\/uploads\/2023\/10\/Shell_Fleet_Cards_Logo.svg\",\"contentUrl\":\"https:\/\/www.businessfleetsolutions.ca\/wp-content\/uploads\/2023\/10\/Shell_Fleet_Cards_Logo.svg\",\"width\":951,\"height\":196,\"caption\":\"Shell CA\"},\"image\":{\"@id\":\"https:\/\/www.businessfleetsolutions.ca\/#\/schema\/logo\/image\/\"}}]}<\/script>\n<!-- \/ Yoast SEO plugin. -->","yoast_head_json":{"title":"FAQ | Shell Fleet Solutions","description":"Vous avez des questions \u00e0 propos des cartes S? Nous avons les r\u00e9ponses. Voici des r\u00e9ponses aux questions fr\u00e9quentes.","robots":{"index":"index","follow":"follow","max-snippet":"max-snippet:-1","max-image-preview":"max-image-preview:large","max-video-preview":"max-video-preview:-1"},"canonical":"https:\/\/www.businessfleetsolutions.ca\/fr\/faq\/","og_locale":"fr_CA","og_type":"article","og_title":"FAQs | Shell Fleet Solutions","og_description":"Have more questions about Shell Fleet Solutions cards? We\u2019ve got answers. Here are some frequently asked questions.","og_url":"https:\/\/www.businessfleetsolutions.ca\/fr\/faq\/","og_site_name":"Shell CA","article_modified_time":"2023-11-13T16:40:36+00:00","og_image":[{"width":1045,"height":655,"url":"https:\/\/www.businessfleetsolutions.ca\/wp-content\/uploads\/2024\/10\/Canada-FP-and-Nav_angled2.png","type":"image\/png"}],"twitter_card":"summary_large_image","schema":{"@context":"https:\/\/schema.org","@graph":[{"@type":"WebPage","@id":"https:\/\/www.businessfleetsolutions.ca\/faqs\/","url":"https:\/\/www.businessfleetsolutions.ca\/faqs\/","name":"FAQ | Shell Fleet Solutions","isPartOf":{"@id":"https:\/\/www.businessfleetsolutions.ca\/#website"},"datePublished":"2020-10-20T14:39:52+00:00","dateModified":"2023-11-13T16:40:36+00:00","description":"Vous avez des questions \u00e0 propos des cartes S? Nous avons les r\u00e9ponses. Voici des r\u00e9ponses aux questions fr\u00e9quentes.","breadcrumb":{"@id":"https:\/\/www.businessfleetsolutions.ca\/faqs\/#breadcrumb"},"inLanguage":"fr-CA","potentialAction":[{"@type":"ReadAction","target":["https:\/\/www.businessfleetsolutions.ca\/faqs\/"]}]},{"@type":"BreadcrumbList","@id":"https:\/\/www.businessfleetsolutions.ca\/faqs\/#breadcrumb","itemListElement":[{"@type":"ListItem","position":1,"name":"Home","item":"https:\/\/www.businessfleetsolutions.ca\/"},{"@type":"ListItem","position":2,"name":"FAQs"}]},{"@type":"WebSite","@id":"https:\/\/www.businessfleetsolutions.ca\/#website","url":"https:\/\/www.businessfleetsolutions.ca\/","name":"Shell CA","description":"","publisher":{"@id":"https:\/\/www.businessfleetsolutions.ca\/#organization"},"potentialAction":[{"@type":"SearchAction","target":{"@type":"EntryPoint","urlTemplate":"https:\/\/www.businessfleetsolutions.ca\/?s={search_term_string}"},"query-input":{"@type":"PropertyValueSpecification","valueRequired":true,"valueName":"search_term_string"}}],"inLanguage":"fr-CA"},{"@type":"Organization","@id":"https:\/\/www.businessfleetsolutions.ca\/#organization","name":"Shell CA","url":"https:\/\/www.businessfleetsolutions.ca\/","logo":{"@type":"ImageObject","inLanguage":"fr-CA","@id":"https:\/\/www.businessfleetsolutions.ca\/#\/schema\/logo\/image\/","url":"https:\/\/www.businessfleetsolutions.ca\/wp-content\/uploads\/2023\/10\/Shell_Fleet_Cards_Logo.svg","contentUrl":"https:\/\/www.businessfleetsolutions.ca\/wp-content\/uploads\/2023\/10\/Shell_Fleet_Cards_Logo.svg","width":951,"height":196,"caption":"Shell CA"},"image":{"@id":"https:\/\/www.businessfleetsolutions.ca\/#\/schema\/logo\/image\/"}}]}},"_links":{"self":[{"href":"https:\/\/www.businessfleetsolutions.ca\/fr\/wp-json\/wp\/v2\/pages\/352","targetHints":{"allow":["GET"]}}],"collection":[{"href":"https:\/\/www.businessfleetsolutions.ca\/fr\/wp-json\/wp\/v2\/pages"}],"about":[{"href":"https:\/\/www.businessfleetsolutions.ca\/fr\/wp-json\/wp\/v2\/types\/page"}],"author":[{"embeddable":true,"href":"https:\/\/www.businessfleetsolutions.ca\/fr\/wp-json\/wp\/v2\/users\/3"}],"replies":[{"embeddable":true,"href":"https:\/\/www.businessfleetsolutions.ca\/fr\/wp-json\/wp\/v2\/comments?post=352"}],"version-history":[{"count":0,"href":"https:\/\/www.businessfleetsolutions.ca\/fr\/wp-json\/wp\/v2\/pages\/352\/revisions"}],"wp:attachment":[{"href":"https:\/\/www.businessfleetsolutions.ca\/fr\/wp-json\/wp\/v2\/media?parent=352"}],"curies":[{"name":"wp","href":"https:\/\/api.w.org\/{rel}","templated":true}]}}